{"id":10,"date":"2014-12-13T15:42:01","date_gmt":"2014-12-13T15:42:01","guid":{"rendered":"http:\/\/www.truckventur.com\/es\/?page_id=10"},"modified":"2015-02-14T14:04:16","modified_gmt":"2015-02-14T14:04:16","slug":"info","status":"publish","type":"page","link":"http:\/\/www.truckventur.com\/es\/info\/","title":{"rendered":"Info"},"content":{"rendered":"<h3><strong>Truckventur Rally Raid<\/strong> es una empresa con <strong>sede en Segovia, Espa\u00f1a<\/strong>, dedicada principalmente a la <strong>asistencia t\u00e9cnica a rallies y al mundo de la competici\u00f3n.<\/strong><\/h3>\n<p style=\"text-align: center;\">\u00a0\u00a0\u00a0\u00a0<a href=\"http:\/\/www.truckventur.com\/es\/wp-content\/uploads\/2014\/12\/mercedes-benz-unimog-25.jpg\"><img loading=\"lazy\" decoding=\"async\" class=\"alignnone wp-image-61 size-medium\" src=\"http:\/\/www.truckventur.com\/es\/wp-content\/uploads\/2014\/12\/mercedes-benz-unimog-25-300x154.jpg\" alt=\"mercedes-benz-unimog-25\" width=\"300\" height=\"154\" srcset=\"http:\/\/www.truckventur.com\/es\/wp-content\/uploads\/2014\/12\/mercedes-benz-unimog-25-300x154.jpg 300w, http:\/\/www.truckventur.com\/es\/wp-content\/uploads\/2014\/12\/mercedes-benz-unimog-25.jpg 585w\" sizes=\"auto, (max-width: 300px) 100vw, 300px\" \/><\/a><\/p>\n<p>Naci\u00f3 como un <strong>proyecto ilusionado, derivado de los a\u00f1os de experiencia acumulada en expediciones y viajes de aventura en camiones por medio mundo<\/strong>. Ahora hemos querido dar un paso m\u00e1s y entrar de lleno en la competici\u00f3n para ofrecer servicios de asistencia a los grandes rallies y raids del calendario mundial, contando con un completo y experimentado equipo humano, y una flota de veh\u00edculos capaces de ofrecer un servicio efectivo de asistencia tanto en <strong>modalidad T4 como en T5<\/strong>.<\/p>\n<p><a href=\"http:\/\/www.truckventur.com\/es\/wp-content\/uploads\/2014\/12\/IMG_9090.jpg\"><br \/>\n<\/a><a href=\"http:\/\/www.truckventur.com\/es\/wp-content\/uploads\/2014\/12\/info2.jpg\"><img loading=\"lazy\" decoding=\"async\" class=\"aligncenter  wp-image-72\" src=\"http:\/\/www.truckventur.com\/es\/wp-content\/uploads\/2014\/12\/info2-1024x768.jpg\" alt=\"info2\" width=\"507\" height=\"380\" srcset=\"http:\/\/www.truckventur.com\/es\/wp-content\/uploads\/2014\/12\/info2-1024x768.jpg 1024w, http:\/\/www.truckventur.com\/es\/wp-content\/uploads\/2014\/12\/info2-300x225.jpg 300w, http:\/\/www.truckventur.com\/es\/wp-content\/uploads\/2014\/12\/info2.jpg 1280w\" sizes=\"auto, (max-width: 507px) 100vw, 507px\" \/><\/a><\/p>\n<p>En <strong>nuestra profesionalidad, seriedad y experiencia, radica el \u00e9xito de nuestro negocio<\/strong>. Gracias a una gran coordinaci\u00f3n entre un equipo bien formado, unos medios t\u00e9cnicos de \u00faltima generaci\u00f3n y unos procedimientos operativos cuidadosamente elaborados, somos capaces de cubrir las necesidades que nos demandan nuestros clientes, aun en condiciones mas extremas.<\/p>\n<p>*Haz click en las imagenes para ampliar.<\/p>\n<p><a href=\"http:\/\/www.truckventur.com\/es\/wp-content\/uploads\/2014\/12\/IMG_1011.jpg\"><br \/>\n<\/a><a href=\"http:\/\/www.truckventur.com\/es\/wp-content\/uploads\/2014\/12\/info1.jpg\"><img loading=\"lazy\" decoding=\"async\" class=\"aligncenter  wp-image-71\" src=\"http:\/\/www.truckventur.com\/es\/wp-content\/uploads\/2014\/12\/info1-1024x768.jpg\" alt=\"info1\" width=\"516\" height=\"387\" srcset=\"http:\/\/www.truckventur.com\/es\/wp-content\/uploads\/2014\/12\/info1-1024x768.jpg 1024w, http:\/\/www.truckventur.com\/es\/wp-content\/uploads\/2014\/12\/info1-300x225.jpg 300w, http:\/\/www.truckventur.com\/es\/wp-content\/uploads\/2014\/12\/info1.jpg 1600w\" sizes=\"auto, (max-width: 516px) 100vw, 516px\" \/><\/a><\/p>\n<p>&nbsp;<\/p>\n<p style=\"text-align: center;\"><a href=\"http:\/\/www.truckventur.com\/es\/wp-content\/uploads\/2014\/12\/info3.jpg\"><img loading=\"lazy\" decoding=\"async\" class=\"aligncenter  wp-image-73\" src=\"http:\/\/www.truckventur.com\/es\/wp-content\/uploads\/2014\/12\/info3-1024x768.jpg\" alt=\"info3\" width=\"519\" height=\"389\" srcset=\"http:\/\/www.truckventur.com\/es\/wp-content\/uploads\/2014\/12\/info3-1024x768.jpg 1024w, http:\/\/www.truckventur.com\/es\/wp-content\/uploads\/2014\/12\/info3-300x225.jpg 300w, http:\/\/www.truckventur.com\/es\/wp-content\/uploads\/2014\/12\/info3.jpg 1700w\" sizes=\"auto, (max-width: 519px) 100vw, 519px\" \/><\/a><\/p>\n<p style=\"text-align: center;\"><a href=\"http:\/\/www.truckventur.com\/es\/wp-content\/uploads\/2014\/12\/2.jpg\"><img loading=\"lazy\" decoding=\"async\" class=\"aligncenter size-full wp-image-56\" src=\"http:\/\/www.truckventur.com\/es\/wp-content\/uploads\/2014\/12\/2.jpg\" alt=\"2\" width=\"217\" height=\"171\" \/><\/a><\/p>\n","protected":false},"excerpt":{"rendered":"<p>Truckventur Rally Raid es una empresa con sede en Segovia, Espa\u00f1a, dedicada principalmente a la asistencia t\u00e9cnica a rallies y al mundo de la competici\u00f3n. \u00a0\u00a0\u00a0\u00a0 Naci\u00f3 como un proyecto ilusionado, derivado de los a\u00f1os de experiencia acumulada en expediciones y viajes de aventura en camiones por medio mundo. Ahora hemos querido dar un paso [&hellip;]<\/p>\n","protected":false},"author":1,"featured_media":0,"parent":0,"menu_order":0,"comment_status":"closed","ping_status":"closed","template":"","meta":{"footnotes":""},"class_list":["post-10","page","type-page","status-publish","hentry"],"_links":{"self":[{"href":"http:\/\/www.truckventur.com\/es\/wp-json\/wp\/v2\/pages\/10","targetHints":{"allow":["GET"]}}],"collection":[{"href":"http:\/\/www.truckventur.com\/es\/wp-json\/wp\/v2\/pages"}],"about":[{"href":"http:\/\/www.truckventur.com\/es\/wp-json\/wp\/v2\/types\/page"}],"author":[{"embeddable":true,"href":"http:\/\/www.truckventur.com\/es\/wp-json\/wp\/v2\/users\/1"}],"replies":[{"embeddable":true,"href":"http:\/\/www.truckventur.com\/es\/wp-json\/wp\/v2\/comments?post=10"}],"version-history":[{"count":0,"href":"http:\/\/www.truckventur.com\/es\/wp-json\/wp\/v2\/pages\/10\/revisions"}],"wp:attachment":[{"href":"http:\/\/www.truckventur.com\/es\/wp-json\/wp\/v2\/media?parent=10"}],"curies":[{"name":"wp","href":"https:\/\/api.w.org\/{rel}","templated":true}]}}