{"id":12,"date":"2014-12-13T15:42:37","date_gmt":"2014-12-13T15:42:37","guid":{"rendered":"http:\/\/www.truckventur.com\/es\/?page_id=12"},"modified":"2024-10-21T20:02:15","modified_gmt":"2024-10-21T20:02:15","slug":"vehiculos","status":"publish","type":"page","link":"http:\/\/www.truckventur.com\/es\/vehiculos\/","title":{"rendered":"Veh\u00edculos"},"content":{"rendered":"\n<div class=\"wp-block-group\"><div class=\"wp-block-group__inner-container is-layout-constrained wp-block-group-is-layout-constrained\">\n<div class=\"wp-block-group\"><div class=\"wp-block-group__inner-container is-layout-constrained wp-block-group-is-layout-constrained\">\n<div class=\"wp-block-group\"><div class=\"wp-block-group__inner-container is-layout-constrained wp-block-group-is-layout-constrained\"><div class=\"wp-block-image\">\n<figure class=\"aligncenter\"><a href=\"http:\/\/www.truckventur.com\/es\/wp-content\/uploads\/2023\/09\/53165127137_a9b7baf39b_b.jpg\"><img loading=\"lazy\" decoding=\"async\" width=\"1023\" height=\"768\" src=\"http:\/\/www.truckventur.com\/es\/wp-content\/uploads\/2023\/09\/53165127137_a9b7baf39b_b.jpg\" alt=\"\" class=\"wp-image-601\" srcset=\"http:\/\/www.truckventur.com\/es\/wp-content\/uploads\/2023\/09\/53165127137_a9b7baf39b_b.jpg 1023w, http:\/\/www.truckventur.com\/es\/wp-content\/uploads\/2023\/09\/53165127137_a9b7baf39b_b-300x225.jpg 300w, http:\/\/www.truckventur.com\/es\/wp-content\/uploads\/2023\/09\/53165127137_a9b7baf39b_b-768x577.jpg 768w\" sizes=\"auto, (max-width: 1023px) 100vw, 1023px\" \/><\/a><\/figure>\n<\/div>\n\n\n<p class=\"has-text-align-center\"><\/p>\n\n\n\n<h2 class=\"wp-block-heading\"><strong>IVECO E.TRAKKER<\/strong><\/h2>\n\n\n\n<h5 class=\"wp-block-heading\">Lo llamamos cari\u00f1osamente \u201cTRUENO\u201d<\/h5>\n\n\n\n<h5 class=\"wp-block-heading\"><strong>Cami\u00f3n Dakariano, con motor de 13 litros, preparaci\u00f3n Iveco Racing, con 1000 cv aprox., con<\/strong><br><strong>caja de cambios ZF de 16 velocidades mas grupo corto. <\/strong><\/h5>\n\n\n\n<h5 class=\"wp-block-heading\"><strong>Al ser un 4&#215;4 permanente dispone de<\/strong><br><strong>los tres bloqueos de diferencial de accionamiento neum\u00e1ticos. <\/strong><strong>Monta una suspensi\u00f3n <\/strong><strong>compuesta por doble amortiguador de 4 v\u00edas en cada rueda, de la marca FOX.<\/strong><\/h5>\n\n\n\n<h5 class=\"wp-block-heading\"><strong>Auto inflado <\/strong><strong>independiente Telfow, tambi\u00e9n a las cuatro ruedas. En el eje delantero dispone de frenos de<\/strong><br><strong>disco ventilados con doble pinza de frenado, ayudado por los \u201cventolines\u201d para refrigeraci\u00f3n.<\/strong><br><strong>En el eje delantero monta el mismo sistema, excepto la pinza de freno que es simple.<\/strong><\/h5>\n\n\n\n<h5 class=\"wp-block-heading\"><strong>Las cualidades a remarcar, son sus bajos de motor, que empieza a empujar firmemente desde<\/strong><br><strong>las 800 rpm para dar los 1000cv a unas 2800rpm. Posee una frenada poderosa y una direcci\u00f3n<\/strong><br><strong>r\u00e1pida y suave.<\/strong><\/h5>\n\n\n\n<h5 class=\"wp-block-heading\"><strong>La caja trasera es amplia, dise\u00f1ada tanto para hacer competici\u00f3n como para dar asistencia en<\/strong><br><strong>carrera. Posee dos arcos de protecci\u00f3n antivuelco en su interior, delantero y trasero, y puertas<\/strong><br><strong>de f\u00e1cil acceso en su lateral y en la trasera.<\/strong><\/h5>\n\n\n\n<h5 class=\"wp-block-heading\"><strong>Para etapas nocturnas tiene unos imponentes 6 faros de xen\u00f3n, adem\u00e1s de los faros de led<\/strong><br><strong>que monta de serie.<\/strong><br><\/h5>\n\n\n\n<h5 class=\"wp-block-heading\"><\/h5>\n\n\n\n<div class=\"wp-block-group\"><div class=\"wp-block-group__inner-container is-layout-flow wp-block-group-is-layout-flow\">\n<div class=\"wp-block-columns is-layout-flex wp-container-core-columns-is-layout-9d6595d7 wp-block-columns-is-layout-flex\">\n<div class=\"wp-block-column is-layout-flow wp-block-column-is-layout-flow\" style=\"flex-basis:100%\">\n<div class=\"wp-block-group\"><div class=\"wp-block-group__inner-container is-layout-constrained wp-block-group-is-layout-constrained\">\n<div class=\"wp-block-columns is-layout-flex wp-container-core-columns-is-layout-9d6595d7 wp-block-columns-is-layout-flex\">\n<div class=\"wp-block-column is-layout-flow wp-block-column-is-layout-flow\" style=\"flex-basis:100%\">\n<p class=\"has-text-align-center has-small-font-size\"><strong><em>Haz click en las im\u00e1genes para aumentar.<\/em><\/strong><br><a href=\"http:\/\/www.truckventur.com\/es\/wp-content\/uploads\/2023\/09\/53165127112_b1464b5100_b.jpg\" data-type=\"link\" data-id=\"http:\/\/www.truckventur.com\/es\/wp-content\/uploads\/2023\/09\/53165127112_b1464b5100_b.jpg\"><img loading=\"lazy\" decoding=\"async\" width=\"634\" height=\"476\" class=\"aligncenter  wp-image-603\" src=\"http:\/\/www.truckventur.com\/es\/wp-content\/uploads\/2023\/09\/53165127112_b1464b5100_b.jpg\" alt=\"\" srcset=\"http:\/\/www.truckventur.com\/es\/wp-content\/uploads\/2023\/09\/53165127112_b1464b5100_b.jpg 1023w, http:\/\/www.truckventur.com\/es\/wp-content\/uploads\/2023\/09\/53165127112_b1464b5100_b-300x225.jpg 300w, http:\/\/www.truckventur.com\/es\/wp-content\/uploads\/2023\/09\/53165127112_b1464b5100_b-768x577.jpg 768w\" sizes=\"auto, (max-width: 634px) 100vw, 634px\" \/><\/a> <a href=\"http:\/\/www.truckventur.com\/es\/wp-content\/uploads\/2023\/09\/53165127182_a06a07812c_b.jpg\"><img loading=\"lazy\" decoding=\"async\" width=\"635\" height=\"423\" class=\"aligncenter  wp-image-604\" src=\"http:\/\/www.truckventur.com\/es\/wp-content\/uploads\/2023\/09\/53165127182_a06a07812c_b.jpg\" alt=\"\" srcset=\"http:\/\/www.truckventur.com\/es\/wp-content\/uploads\/2023\/09\/53165127182_a06a07812c_b.jpg 1024w, http:\/\/www.truckventur.com\/es\/wp-content\/uploads\/2023\/09\/53165127182_a06a07812c_b-300x200.jpg 300w, http:\/\/www.truckventur.com\/es\/wp-content\/uploads\/2023\/09\/53165127182_a06a07812c_b-768x512.jpg 768w\" sizes=\"auto, (max-width: 635px) 100vw, 635px\" \/><\/a> <a href=\"http:\/\/www.truckventur.com\/es\/wp-content\/uploads\/2023\/09\/53165714396_d0647731ab_b.jpg\"><img loading=\"lazy\" decoding=\"async\" width=\"634\" height=\"476\" class=\"aligncenter  wp-image-605\" src=\"http:\/\/www.truckventur.com\/es\/wp-content\/uploads\/2023\/09\/53165714396_d0647731ab_b.jpg\" alt=\"\" srcset=\"http:\/\/www.truckventur.com\/es\/wp-content\/uploads\/2023\/09\/53165714396_d0647731ab_b.jpg 1023w, http:\/\/www.truckventur.com\/es\/wp-content\/uploads\/2023\/09\/53165714396_d0647731ab_b-300x225.jpg 300w, http:\/\/www.truckventur.com\/es\/wp-content\/uploads\/2023\/09\/53165714396_d0647731ab_b-768x577.jpg 768w\" sizes=\"auto, (max-width: 634px) 100vw, 634px\" \/><\/a> <a href=\"http:\/\/www.truckventur.com\/es\/wp-content\/uploads\/2023\/09\/53165917129_56fbf1ae1a_b.jpg\"><img loading=\"lazy\" decoding=\"async\" width=\"634\" height=\"476\" class=\"aligncenter  wp-image-606\" src=\"http:\/\/www.truckventur.com\/es\/wp-content\/uploads\/2023\/09\/53165917129_56fbf1ae1a_b.jpg\" alt=\"\" srcset=\"http:\/\/www.truckventur.com\/es\/wp-content\/uploads\/2023\/09\/53165917129_56fbf1ae1a_b.jpg 1023w, http:\/\/www.truckventur.com\/es\/wp-content\/uploads\/2023\/09\/53165917129_56fbf1ae1a_b-300x225.jpg 300w, http:\/\/www.truckventur.com\/es\/wp-content\/uploads\/2023\/09\/53165917129_56fbf1ae1a_b-768x577.jpg 768w\" sizes=\"auto, (max-width: 634px) 100vw, 634px\" \/><\/a> <a href=\"http:\/\/www.truckventur.com\/es\/wp-content\/uploads\/2023\/09\/53165917209_d8ed547232_b.jpg\"><img loading=\"lazy\" decoding=\"async\" width=\"635\" height=\"423\" class=\"aligncenter  wp-image-607\" src=\"http:\/\/www.truckventur.com\/es\/wp-content\/uploads\/2023\/09\/53165917209_d8ed547232_b.jpg\" alt=\"\" srcset=\"http:\/\/www.truckventur.com\/es\/wp-content\/uploads\/2023\/09\/53165917209_d8ed547232_b.jpg 1024w, http:\/\/www.truckventur.com\/es\/wp-content\/uploads\/2023\/09\/53165917209_d8ed547232_b-300x200.jpg 300w, http:\/\/www.truckventur.com\/es\/wp-content\/uploads\/2023\/09\/53165917209_d8ed547232_b-768x512.jpg 768w\" sizes=\"auto, (max-width: 635px) 100vw, 635px\" \/><\/a><\/p>\n<\/div>\n<\/div>\n<\/div><\/div>\n<\/div>\n<\/div>\n<\/div><\/div>\n\n\n\n<p class=\"has-text-align-left\">&nbsp;<\/p>\n<\/div><\/div>\n<\/div><\/div>\n<\/div><\/div>\n\n\n\n<div class=\"wp-block-group\"><div class=\"wp-block-group__inner-container is-layout-constrained wp-block-group-is-layout-constrained\">\n<!--more-->\n<\/div><\/div>\n\n\n\n<h2 class=\"wp-block-heading\"><strong>CAMI\u00d3N ASISTENCIA<\/strong><\/h2>\n\n\n\n<p>Alquilamos cami\u00f3n de asistencia para eventos deportivos, coches, motos o bicis. Cuenta con todo lo necesario para prestar servicio de asistencia a los equipos. Cuenta con compresor de aire con tres calderines, <strong><em>grupo electr\u00f3geno de 14 Kvas, deposito de agua 200 litros, luz panor\u00e1mica de trabajo tanto interior como exterior, 68 cajas de pl\u00e1stico grandes, 32 cajas medianas y 65 peque\u00f1as, Total 165 numeradas, para guardar todo tipo de repuestos<\/em><\/strong>. Enganche para remolque pesado y ligero. Tomas neum\u00e1ticas y el\u00e9ctricas exteriores. 1000 litros de gasoil. Posibilidad de transportar ruedas de tama\u00f1o medio en el techo de la caja.\u00a0 Plataforma elevadora hidr\u00e1ulica de gran tonelaje en la parte posterior. Arc\u00f3n refrigerador. Luces exteriores port\u00e1tiles para iluminaci\u00f3n de carpas. <strong>Se alquila con conductor<\/strong><\/p>\n\n\n\n<p><\/p>\n\n\n<div class=\"wp-block-image\">\n<figure class=\"aligncenter size-large is-resized\"><a href=\"http:\/\/www.truckventur.com\/es\/wp-content\/uploads\/2024\/10\/IMG_4684.jpg\"><img loading=\"lazy\" decoding=\"async\" width=\"1024\" height=\"768\" src=\"http:\/\/www.truckventur.com\/es\/wp-content\/uploads\/2024\/10\/IMG_4684-1024x768.jpg\" alt=\"\" class=\"wp-image-700\" style=\"width:651px;height:auto\" srcset=\"http:\/\/www.truckventur.com\/es\/wp-content\/uploads\/2024\/10\/IMG_4684-1024x768.jpg 1024w, http:\/\/www.truckventur.com\/es\/wp-content\/uploads\/2024\/10\/IMG_4684-300x225.jpg 300w, http:\/\/www.truckventur.com\/es\/wp-content\/uploads\/2024\/10\/IMG_4684-768x576.jpg 768w, http:\/\/www.truckventur.com\/es\/wp-content\/uploads\/2024\/10\/IMG_4684-1536x1152.jpg 1536w, http:\/\/www.truckventur.com\/es\/wp-content\/uploads\/2024\/10\/IMG_4684.jpg 2016w\" sizes=\"auto, (max-width: 1024px) 100vw, 1024px\" \/><\/a><\/figure>\n<\/div>\n\n<div class=\"wp-block-image\">\n<figure class=\"aligncenter size-large is-resized\"><a href=\"http:\/\/www.truckventur.com\/es\/wp-content\/uploads\/2024\/10\/IMG_4685.jpg\"><img loading=\"lazy\" decoding=\"async\" width=\"1024\" height=\"768\" src=\"http:\/\/www.truckventur.com\/es\/wp-content\/uploads\/2024\/10\/IMG_4685-1024x768.jpg\" alt=\"\" class=\"wp-image-701\" style=\"width:653px;height:auto\" srcset=\"http:\/\/www.truckventur.com\/es\/wp-content\/uploads\/2024\/10\/IMG_4685-1024x768.jpg 1024w, http:\/\/www.truckventur.com\/es\/wp-content\/uploads\/2024\/10\/IMG_4685-300x225.jpg 300w, http:\/\/www.truckventur.com\/es\/wp-content\/uploads\/2024\/10\/IMG_4685-768x576.jpg 768w, http:\/\/www.truckventur.com\/es\/wp-content\/uploads\/2024\/10\/IMG_4685-1536x1152.jpg 1536w, http:\/\/www.truckventur.com\/es\/wp-content\/uploads\/2024\/10\/IMG_4685.jpg 2016w\" sizes=\"auto, (max-width: 1024px) 100vw, 1024px\" \/><\/a><\/figure>\n<\/div>\n\n<div class=\"wp-block-image\">\n<figure class=\"aligncenter size-large is-resized\"><a href=\"http:\/\/www.truckventur.com\/es\/wp-content\/uploads\/2024\/10\/IMG_4686.jpg\"><img loading=\"lazy\" decoding=\"async\" width=\"1024\" height=\"768\" src=\"http:\/\/www.truckventur.com\/es\/wp-content\/uploads\/2024\/10\/IMG_4686-1024x768.jpg\" alt=\"\" class=\"wp-image-702\" style=\"width:648px;height:auto\" srcset=\"http:\/\/www.truckventur.com\/es\/wp-content\/uploads\/2024\/10\/IMG_4686-1024x768.jpg 1024w, http:\/\/www.truckventur.com\/es\/wp-content\/uploads\/2024\/10\/IMG_4686-300x225.jpg 300w, http:\/\/www.truckventur.com\/es\/wp-content\/uploads\/2024\/10\/IMG_4686-768x576.jpg 768w, http:\/\/www.truckventur.com\/es\/wp-content\/uploads\/2024\/10\/IMG_4686-1536x1152.jpg 1536w, http:\/\/www.truckventur.com\/es\/wp-content\/uploads\/2024\/10\/IMG_4686.jpg 2016w\" sizes=\"auto, (max-width: 1024px) 100vw, 1024px\" \/><\/a><\/figure>\n<\/div>\n\n<div class=\"wp-block-image\">\n<figure class=\"aligncenter size-large is-resized\"><a href=\"http:\/\/www.truckventur.com\/es\/wp-content\/uploads\/2024\/10\/IMG_4687.jpg\"><img loading=\"lazy\" decoding=\"async\" width=\"1024\" height=\"768\" src=\"http:\/\/www.truckventur.com\/es\/wp-content\/uploads\/2024\/10\/IMG_4687-1024x768.jpg\" alt=\"\" class=\"wp-image-703\" style=\"width:649px;height:auto\" srcset=\"http:\/\/www.truckventur.com\/es\/wp-content\/uploads\/2024\/10\/IMG_4687-1024x768.jpg 1024w, http:\/\/www.truckventur.com\/es\/wp-content\/uploads\/2024\/10\/IMG_4687-300x225.jpg 300w, http:\/\/www.truckventur.com\/es\/wp-content\/uploads\/2024\/10\/IMG_4687-768x576.jpg 768w, http:\/\/www.truckventur.com\/es\/wp-content\/uploads\/2024\/10\/IMG_4687-1536x1152.jpg 1536w, http:\/\/www.truckventur.com\/es\/wp-content\/uploads\/2024\/10\/IMG_4687.jpg 2016w\" sizes=\"auto, (max-width: 1024px) 100vw, 1024px\" \/><\/a><\/figure>\n<\/div>\n\n<div class=\"wp-block-image\">\n<figure class=\"aligncenter size-large is-resized\"><a href=\"http:\/\/www.truckventur.com\/es\/wp-content\/uploads\/2024\/10\/IMG_4698-rotated.jpg\"><img loading=\"lazy\" decoding=\"async\" width=\"768\" height=\"1024\" src=\"http:\/\/www.truckventur.com\/es\/wp-content\/uploads\/2024\/10\/IMG_4698-768x1024.jpg\" alt=\"\" class=\"wp-image-704\" style=\"width:653px;height:auto\" srcset=\"http:\/\/www.truckventur.com\/es\/wp-content\/uploads\/2024\/10\/IMG_4698-768x1024.jpg 768w, http:\/\/www.truckventur.com\/es\/wp-content\/uploads\/2024\/10\/IMG_4698-225x300.jpg 225w, http:\/\/www.truckventur.com\/es\/wp-content\/uploads\/2024\/10\/IMG_4698-1152x1536.jpg 1152w, http:\/\/www.truckventur.com\/es\/wp-content\/uploads\/2024\/10\/IMG_4698-rotated.jpg 1512w\" sizes=\"auto, (max-width: 768px) 100vw, 768px\" \/><\/a><\/figure>\n<\/div>","protected":false},"excerpt":{"rendered":"<p>IVECO E.TRAKKER Lo llamamos cari\u00f1osamente \u201cTRUENO\u201d Cami\u00f3n Dakariano, con motor de 13 litros, preparaci\u00f3n Iveco Racing, con 1000 cv aprox., concaja de cambios ZF de 16 velocidades mas grupo corto. Al ser un 4&#215;4 permanente dispone delos tres bloqueos de diferencial de accionamiento neum\u00e1ticos. Monta una suspensi\u00f3n compuesta por doble amortiguador de 4 v\u00edas en [&hellip;]<\/p>\n","protected":false},"author":1,"featured_media":0,"parent":0,"menu_order":0,"comment_status":"closed","ping_status":"closed","template":"","meta":{"footnotes":""},"class_list":["post-12","page","type-page","status-publish","hentry"],"_links":{"self":[{"href":"http:\/\/www.truckventur.com\/es\/wp-json\/wp\/v2\/pages\/12","targetHints":{"allow":["GET"]}}],"collection":[{"href":"http:\/\/www.truckventur.com\/es\/wp-json\/wp\/v2\/pages"}],"about":[{"href":"http:\/\/www.truckventur.com\/es\/wp-json\/wp\/v2\/types\/page"}],"author":[{"embeddable":true,"href":"http:\/\/www.truckventur.com\/es\/wp-json\/wp\/v2\/users\/1"}],"replies":[{"embeddable":true,"href":"http:\/\/www.truckventur.com\/es\/wp-json\/wp\/v2\/comments?post=12"}],"version-history":[{"count":3,"href":"http:\/\/www.truckventur.com\/es\/wp-json\/wp\/v2\/pages\/12\/revisions"}],"predecessor-version":[{"id":705,"href":"http:\/\/www.truckventur.com\/es\/wp-json\/wp\/v2\/pages\/12\/revisions\/705"}],"wp:attachment":[{"href":"http:\/\/www.truckventur.com\/es\/wp-json\/wp\/v2\/media?parent=12"}],"curies":[{"name":"wp","href":"https:\/\/api.w.org\/{rel}","templated":true}]}}