{"id":140,"date":"2014-12-31T12:56:41","date_gmt":"2014-12-31T12:56:41","guid":{"rendered":"http:\/\/www.truckventur.com\/es\/?page_id=140"},"modified":"2014-12-31T12:57:25","modified_gmt":"2014-12-31T12:57:25","slug":"budapest-bamako-2","status":"publish","type":"page","link":"http:\/\/www.truckventur.com\/es\/rallyes\/budapest-bamako-2\/","title":{"rendered":"Budapest-Bamako"},"content":{"rendered":"<p style=\"text-align: center;\"><a href=\"http:\/\/www.truckventur.com\/es\/wp-content\/uploads\/2014\/12\/budapest-bamako.jpg\"><img loading=\"lazy\" decoding=\"async\" class=\"aligncenter size-full wp-image-128\" src=\"http:\/\/www.truckventur.com\/es\/wp-content\/uploads\/2014\/12\/budapest-bamako.jpg\" alt=\"budapest bamako\" width=\"323\" height=\"156\" srcset=\"http:\/\/www.truckventur.com\/es\/wp-content\/uploads\/2014\/12\/budapest-bamako.jpg 323w, http:\/\/www.truckventur.com\/es\/wp-content\/uploads\/2014\/12\/budapest-bamako-300x145.jpg 300w\" sizes=\"auto, (max-width: 323px) 100vw, 323px\" \/><\/a><\/p>\n<h3><strong><img loading=\"lazy\" decoding=\"async\" class=\"aligncenter size-full wp-image-135\" src=\"http:\/\/www.truckventur.com\/es\/wp-content\/uploads\/2014\/12\/images.jpg\" alt=\"images\" width=\"256\" height=\"170\" \/>Rally Budapest-Bamako 2015<\/strong><\/h3>\n<p>Rally amateur m\u00e1s largo del mundo. Tomar\u00e1n la salida en Budapest m\u00e1s de 200 equipos con 400 participantes. <strong>8000 kil\u00f3metros entre Marruecos, Sahara Occidental, Mauritania y Mali<\/strong>, nos servir\u00e1n para el arranque de nuestro primer evento deportivo. Encontraremos zonas de lo m\u00e1s variadas en estos pa\u00edses, piedras, barro y arena.<\/p>\n<p style=\"text-align: center;\"><a href=\"http:\/\/www.truckventur.com\/es\/wp-content\/uploads\/2014\/12\/budapest-bamako-2011-6496-1-1024x694.png\"><img loading=\"lazy\" decoding=\"async\" class=\"aligncenter  wp-image-130\" src=\"http:\/\/www.truckventur.com\/es\/wp-content\/uploads\/2014\/12\/budapest-bamako-2011-6496-1-1024x694-1024x694.png\" alt=\"budapest-bamako-2011-6496-1-1024x694\" width=\"506\" height=\"343\" srcset=\"http:\/\/www.truckventur.com\/es\/wp-content\/uploads\/2014\/12\/budapest-bamako-2011-6496-1-1024x694.png 1024w, http:\/\/www.truckventur.com\/es\/wp-content\/uploads\/2014\/12\/budapest-bamako-2011-6496-1-1024x694-300x203.png 300w\" sizes=\"auto, (max-width: 506px) 100vw, 506px\" \/><br \/>\n<\/a><\/p>\n<p style=\"text-align: center;\"><em>Click en la imagen para agrandar<\/em><\/p>\n<p>Asistiremos a parte de los equipos que van en la categor\u00eda <strong>\u201cracing\u201d<\/strong> y servir\u00e1 como zona de pruebas y perfeccionamiento de nuestro equipo <strong>Truckventur RR<\/strong> para pruebas de mayor envergadura que se presentan en la temporada siguiente.<\/p>\n<p style=\"text-align: center;\"><a href=\"http:\/\/www.truckventur.com\/es\/wp-content\/uploads\/2014\/12\/images-4.jpg\"><img loading=\"lazy\" decoding=\"async\" class=\"aligncenter size-full wp-image-132\" src=\"http:\/\/www.truckventur.com\/es\/wp-content\/uploads\/2014\/12\/images-4.jpg\" alt=\"images 4\" width=\"306\" height=\"165\" srcset=\"http:\/\/www.truckventur.com\/es\/wp-content\/uploads\/2014\/12\/images-4.jpg 306w, http:\/\/www.truckventur.com\/es\/wp-content\/uploads\/2014\/12\/images-4-300x162.jpg 300w\" sizes=\"auto, (max-width: 306px) 100vw, 306px\" \/><\/a>\u00a0<a href=\"http:\/\/www.truckventur.com\/es\/wp-content\/uploads\/2014\/12\/images-6.jpg\"><img loading=\"lazy\" decoding=\"async\" class=\"aligncenter size-full wp-image-134\" src=\"http:\/\/www.truckventur.com\/es\/wp-content\/uploads\/2014\/12\/images-6.jpg\" alt=\"images 6\" width=\"302\" height=\"167\" srcset=\"http:\/\/www.truckventur.com\/es\/wp-content\/uploads\/2014\/12\/images-6.jpg 302w, http:\/\/www.truckventur.com\/es\/wp-content\/uploads\/2014\/12\/images-6-300x166.jpg 300w\" sizes=\"auto, (max-width: 302px) 100vw, 302px\" \/><\/a><\/p>\n","protected":false},"excerpt":{"rendered":"<p>Rally Budapest-Bamako 2015 Rally amateur m\u00e1s largo del mundo. Tomar\u00e1n la salida en Budapest m\u00e1s de 200 equipos con 400 participantes. 8000 kil\u00f3metros entre Marruecos, Sahara Occidental, Mauritania y Mali, nos servir\u00e1n para el arranque de nuestro primer evento deportivo. Encontraremos zonas de lo m\u00e1s variadas en estos pa\u00edses, piedras, barro y arena. Click en [&hellip;]<\/p>\n","protected":false},"author":1,"featured_media":0,"parent":16,"menu_order":1,"comment_status":"closed","ping_status":"closed","template":"","meta":{"footnotes":""},"class_list":["post-140","page","type-page","status-publish","hentry"],"_links":{"self":[{"href":"http:\/\/www.truckventur.com\/es\/wp-json\/wp\/v2\/pages\/140","targetHints":{"allow":["GET"]}}],"collection":[{"href":"http:\/\/www.truckventur.com\/es\/wp-json\/wp\/v2\/pages"}],"about":[{"href":"http:\/\/www.truckventur.com\/es\/wp-json\/wp\/v2\/types\/page"}],"author":[{"embeddable":true,"href":"http:\/\/www.truckventur.com\/es\/wp-json\/wp\/v2\/users\/1"}],"replies":[{"embeddable":true,"href":"http:\/\/www.truckventur.com\/es\/wp-json\/wp\/v2\/comments?post=140"}],"version-history":[{"count":0,"href":"http:\/\/www.truckventur.com\/es\/wp-json\/wp\/v2\/pages\/140\/revisions"}],"up":[{"embeddable":true,"href":"http:\/\/www.truckventur.com\/es\/wp-json\/wp\/v2\/pages\/16"}],"wp:attachment":[{"href":"http:\/\/www.truckventur.com\/es\/wp-json\/wp\/v2\/media?parent=140"}],"curies":[{"name":"wp","href":"https:\/\/api.w.org\/{rel}","templated":true}]}}