{"id":22,"date":"2014-12-13T15:44:56","date_gmt":"2014-12-13T15:44:56","guid":{"rendered":"http:\/\/www.truckventur.com\/es\/?page_id=22"},"modified":"2026-02-01T17:47:01","modified_gmt":"2026-02-01T17:47:01","slug":"videos","status":"publish","type":"page","link":"http:\/\/www.truckventur.com\/es\/videos\/","title":{"rendered":"Videos"},"content":{"rendered":"<div class=\"wp-block-image\">\n<figure class=\"aligncenter\"><a href=\"http:\/\/www.truckventur.com\/es\/wp-content\/uploads\/2014\/12\/captura-2016-06-27-a-las-13.14.17.png\"><img loading=\"lazy\" decoding=\"async\" width=\"263\" height=\"146\" src=\"http:\/\/www.truckventur.com\/es\/wp-content\/uploads\/2014\/12\/captura-2016-06-27-a-las-13.14.17.png\" alt=\"captura 2016-06-27 a las 13.14.17\" class=\"wp-image-391\"\/><\/a><\/figure>\n<\/div>\n\n\n<p class=\"has-text-align-center\"><a href=\"https:\/\/www.youtube.com\/channel\/UCbenarczm5DTNbpq43IzOmA\" target=\"_blank\" rel=\"noopener\"><br><\/a><\/p>\n\n\n\n<blockquote class=\"wp-block-quote is-layout-flow wp-block-quote-is-layout-flow\">\n<p class=\"has-text-align-center\"><strong>PARA VISUALIZAR TODOS LOS VIDEOS DE LA LSITA DE REPRODUCCI\u00d3N HACER CLICK EN EL DESPLEGABLE SITUADO EN LA PARTE SUPERIOR IZQUIERDA<\/strong><\/p>\n<\/blockquote>\n\n\n\n<p class=\"has-text-align-center\"><iframe loading=\"lazy\" title=\"Unimog U500 Truckventur Rally Raid\" width=\"475\" height=\"267\" src=\"https:\/\/www.youtube.com\/embed\/v6y9P4CJB-8?feature=oembed\" frameborder=\"0\" allow=\"accelerometer; autoplay; clipboard-write; encrypted-media; gyroscope; picture-in-picture; web-share\" referrerpolicy=\"strict-origin-when-cross-origin\" allowfullscreen><\/iframe><\/p>\n\n\n\n<h2 class=\"wp-block-heading has-text-align-center\">.: Rally Dakar  2026 :.<\/h2>\n\n\n\n<iframe loading=\"lazy\" width=\"525\" height=\"315\" src=\"https:\/\/www.youtube.com\/embed\/videoseries?si=PuOAmuBO5-EK_prR&amp;list=PLWoyJ7TBQRQ8eSueTeHZ364B9Gj1YWIJZ\" title=\"YouTube video player\" frameborder=\"0\" allow=\"accelerometer; autoplay; clipboard-write; encrypted-media; gyroscope; picture-in-picture; web-share\" referrerpolicy=\"strict-origin-when-cross-origin\" allowfullscreen><\/iframe>\n\n\n\n<h2 class=\"wp-block-heading has-text-align-center\">.: Rally Baja de Arag\u00f3n 2023 :.<\/h2>\n\n\n\n<center><iframe loading=\"lazy\" width=\"525\" height=\"315\" src=\"https:\/\/www.youtube.com\/embed\/videoseries?list=PLWoyJ7TBQRQ-o2aaR5xseuZSthg8S2x2b\" title=\"YouTube video player\" frameborder=\"0\" allow=\"accelerometer; autoplay; clipboard-write; encrypted-media; gyroscope; picture-in-picture; web-share\" allowfullscreen><\/iframe><\/center>\n\n\n\n<h2 class=\"wp-block-heading has-text-align-center\">.: Concentracion Coches Cl\u00e1sicos Bercial 2022 :.<\/h2>\n\n\n\n<center><iframe loading=\"lazy\" width=\"525\" height=\"315\" src=\"https:\/\/www.youtube.com\/embed\/videoseries?list=PLWoyJ7TBQRQ-peRIfqMGLrsFRFhBYk4Pt\" title=\"YouTube video player\" frameborder=\"0\" allow=\"accelerometer; autoplay; clipboard-write; encrypted-media; gyroscope; picture-in-picture; web-share\" allowfullscreen><\/iframe><\/center>\n\n\n\n<h2 class=\"wp-block-heading has-text-align-center\">.: Rally Morocco Desert Challenge 2019 :.<\/h2>\n\n\n\n<center><iframe loading=\"lazy\" width=\"525\" height=\"315\" src=\"https:\/\/www.youtube.com\/embed\/videoseries?list=PLWoyJ7TBQRQ-uYAuSvfgkje_Et52NzrL2\" title=\"YouTube video player\" frameborder=\"0\" allow=\"accelerometer; autoplay; clipboard-write; encrypted-media; gyroscope; picture-in-picture; web-share\" allowfullscreen><\/iframe><\/center>\n\n\n\n<h2 class=\"wp-block-heading has-text-align-center\">.: Rally Baja Arag\u00f3n 2017 :.<\/h2>\n\n\n\n<p class=\"has-text-align-center\"><iframe loading=\"lazy\" src=\"https:\/\/www.youtube.com\/embed\/videoseries?list=PLWoyJ7TBQRQ-omAewQKzR2P0wCebXkNHS\" width=\"490\" height=\"344\" frameborder=\"0\" allowfullscreen=\"allowfullscreen\"><\/iframe><\/p>\n\n\n\n<h2 class=\"wp-block-heading has-text-align-center\">.: Rally Baja Arag\u00f3n 2016 :.<\/h2>\n\n\n\n<p class=\"has-text-align-center\"><iframe loading=\"lazy\" src=\"https:\/\/www.youtube.com\/embed\/videoseries?list=PLWoyJ7TBQRQ8zZNmA_cBNMEUm46pDTuM0\" width=\"490\" height=\"344\" frameborder=\"0\" allowfullscreen=\"allowfullscreen\"><\/iframe><\/p>\n\n\n\n<h2 class=\"wp-block-heading has-text-align-center\">.: Rally Baja Arag\u00f3n 2015 :.<\/h2>\n\n\n\n<p class=\"has-text-align-center\"><iframe loading=\"lazy\" src=\"https:\/\/www.youtube.com\/embed\/videoseries?list=PLWoyJ7TBQRQ_hTlJkJ39ujCNChpDYpyR2\" width=\"490\" height=\"344\" frameborder=\"0\" allowfullscreen=\"allowfullscreen\"><\/iframe><\/p>\n\n\n\n<h2 class=\"wp-block-heading has-text-align-center\">.: Rally BudaPest-Bamako 2015 :.<\/h2>\n\n\n\n<p class=\"has-text-align-center\"><iframe loading=\"lazy\" src=\"https:\/\/www.youtube.com\/embed\/videoseries?list=PLWoyJ7TBQRQ9YFrXXFNa762SL_oV0WbVD\" width=\"490\" height=\"344\" frameborder=\"0\" allowfullscreen=\"allowfullscreen\"><\/iframe><\/p>\n","protected":false},"excerpt":{"rendered":"<p>PARA VISUALIZAR TODOS LOS VIDEOS DE LA LSITA DE REPRODUCCI\u00d3N HACER CLICK EN EL DESPLEGABLE SITUADO EN LA PARTE SUPERIOR IZQUIERDA .: Rally Dakar 2026 :. .: Rally Baja de Arag\u00f3n 2023 :. .: Concentracion Coches Cl\u00e1sicos Bercial 2022 :. .: Rally Morocco Desert Challenge 2019 :. .: Rally Baja Arag\u00f3n 2017 :. .: Rally [&hellip;]<\/p>\n","protected":false},"author":1,"featured_media":0,"parent":0,"menu_order":0,"comment_status":"closed","ping_status":"closed","template":"","meta":{"footnotes":""},"class_list":["post-22","page","type-page","status-publish","hentry"],"_links":{"self":[{"href":"http:\/\/www.truckventur.com\/es\/wp-json\/wp\/v2\/pages\/22","targetHints":{"allow":["GET"]}}],"collection":[{"href":"http:\/\/www.truckventur.com\/es\/wp-json\/wp\/v2\/pages"}],"about":[{"href":"http:\/\/www.truckventur.com\/es\/wp-json\/wp\/v2\/types\/page"}],"author":[{"embeddable":true,"href":"http:\/\/www.truckventur.com\/es\/wp-json\/wp\/v2\/users\/1"}],"replies":[{"embeddable":true,"href":"http:\/\/www.truckventur.com\/es\/wp-json\/wp\/v2\/comments?post=22"}],"version-history":[{"count":5,"href":"http:\/\/www.truckventur.com\/es\/wp-json\/wp\/v2\/pages\/22\/revisions"}],"predecessor-version":[{"id":745,"href":"http:\/\/www.truckventur.com\/es\/wp-json\/wp\/v2\/pages\/22\/revisions\/745"}],"wp:attachment":[{"href":"http:\/\/www.truckventur.com\/es\/wp-json\/wp\/v2\/media?parent=22"}],"curies":[{"name":"wp","href":"https:\/\/api.w.org\/{rel}","templated":true}]}}