{"id":27,"date":"2014-12-13T15:45:46","date_gmt":"2014-12-13T15:45:46","guid":{"rendered":"http:\/\/www.truckventur.com\/es\/?page_id=27"},"modified":"2014-12-20T22:58:50","modified_gmt":"2014-12-20T22:58:50","slug":"contacto","status":"publish","type":"page","link":"http:\/\/www.truckventur.com\/es\/contacto\/","title":{"rendered":"Contacto"},"content":{"rendered":"<h3><strong>Puede Contactar con nosotros a trav\u00e9s de este formulario, para cualquier duda, consulta, pregunta, etc.<\/strong><\/h3>\n<p style=\"text-align: center;\"><a href=\"http:\/\/www.truckventur.com\/es\/wp-content\/uploads\/2014\/12\/logotruckventur.jpg\"><img loading=\"lazy\" decoding=\"async\" class=\"aligncenter  wp-image-86\" src=\"http:\/\/www.truckventur.com\/es\/wp-content\/uploads\/2014\/12\/logotruckventur-577x1024.jpg\" alt=\"logotruckventur\" width=\"192\" height=\"341\" srcset=\"http:\/\/www.truckventur.com\/es\/wp-content\/uploads\/2014\/12\/logotruckventur-577x1024.jpg 577w, http:\/\/www.truckventur.com\/es\/wp-content\/uploads\/2014\/12\/logotruckventur-169x300.jpg 169w, http:\/\/www.truckventur.com\/es\/wp-content\/uploads\/2014\/12\/logotruckventur.jpg 640w\" sizes=\"auto, (max-width: 192px) 100vw, 192px\" \/><\/a><\/p>\n<p style=\"text-align: left;\"><form method=\"post\" id=\"cntctfrm_contact_form\" class=\"cntctfrm_contact_form cntctfrm_one_column cntctfrm_ltr cntctfrm_width_default\" action=\"\/es\/wp-json\/wp\/v2\/pages\/27#cntctfrm_contact_form\" enctype=\"multipart\/form-data\"><div id=\"cntctfrm_first_column\" class=\"cntctfrm_column\"><div class=\"cntctfrm_field_wrap cntctfrm_field_name_wrap\"namecontact><div class=\"cntctfrm_label cntctfrm_label_name\">\n\t\t\t\t\t\t\t\t\t<label for=\"cntctfrm_contact_name\">Nombre: <span class=\"required\">*<\/span><\/label><\/div><div class=\"cntctfrm_input cntctfrm_input_name\">\n\t\t\t\t\t\t\t\t\t<input namecontact class=\"text\" type=\"text\" size=\"40\" pattern=\"^([\\p{L}\\p{M}]{2,}(\\s)*(\\p{L}+\\p{M}*-*){1,})|([\\p{L}\\p{M}]{3,})\" title=\"Please enter only letters at least 3 characters, words seperated by spaces\" value=\"\" name=\"cntctfrm_contact_name\" id=\"cntctfrm_contact_name\" \/><\/div><\/div><div class=\"cntctfrm_field_wrap cntctfrm_field_email_wrap\"email><div class=\"cntctfrm_label cntctfrm_label_email\">\n\t\t\t\t\t\t\t\t\t<label for=\"cntctfrm_contact_email\">Direcci\u00f3n de correo electr\u00f3nico: <span class=\"required\">*<\/span><\/label>\n\t\t\t\t\t\t\t\t<\/div><div class=\"cntctfrm_input cntctfrm_input_email\">\n\t\t\t\t\t\t\t\t\t<input email class=\"text\" type=\"email\" size=\"40\" value=\"\" name=\"cntctfrm_contact_email\" id=\"cntctfrm_contact_email\" \/><\/div><\/div><div class=\"cntctfrm_field_wrap cntctfrm_field_subject_wrap\"subject><div class=\"cntctfrm_label cntctfrm_label_subject\">\n\t\t\t\t\t\t\t\t\t<label for=\"cntctfrm_contact_subject\">Asunto: <span class=\"required\">*<\/span><\/label>\n\t\t\t\t\t\t\t\t<\/div><div class=\"cntctfrm_input cntctfrm_input_subject\">\n\t\t\t\t\t\t\t\t<input subject pattern=\"^([\\p{M}\\p{L}]{1,}(\\s\\p{M}*\\p{L}+-*)*){3,}\" title=\"Please enter only letters at least 3 characters, words seperated by spaces\" class=\"text\" type=\"text\" size=\"40\" value=\"\" name=\"cntctfrm_contact_subject\" id=\"cntctfrm_contact_subject\" \/><\/div><\/div><div class=\"cntctfrm_field_wrap cntctfrm_field_message_wrap\"message><div class=\"cntctfrm_label cntctfrm_label_message\">\n\t\t\t\t\t\t\t\t<label for=\"cntctfrm_contact_message\">Mensaje: <span class=\"required\">*<\/span><\/label>\n\t\t\t\t\t\t\t<\/div><div class=\"cntctfrm_input cntctfrm_input_message\">\n\t\t\t\t\t\t\t\t<textarea message rows=\"5\" cols=\"30\"name=\"cntctfrm_contact_message\" id=\"cntctfrm_contact_message\"><\/textarea><\/div><\/div><\/div><div class=\"clear\"><\/div><div class=\"cntctfrm_submit_wrap\"><div id=\"cntctfrm_submit_first_column\" class=\"cntctfrm_column\"><div class=\"cntctfrm_input cntctfrm_input_submit\"><input type=\"hidden\" value=\"send\" name=\"cntctfrm_contact_action\">\n\t\t\t\t\t\t\t<input type=\"hidden\" value=\"default\" name=\"cntctfrm_language\">\n\t\t\t\t\t\t\t<input type=\"hidden\" value=\"1\" name=\"cntctfrm_form_submited\">\n\t\t\t\t\t\t\t<input type=\"hidden\" value=\"cntctfrm_options\" name=\"cntctfrm_options_name\">\n\t\t\t\t\t\t\t<input type=\"submit\" value=\"Enviar\" class=\"cntctfrm_contact_submit\" id=\"1\" \/>\n\t\t\t\t\t\t<\/div><\/div><div id=\"cntctfrm_submit_second_column\" class=\"cntctfrm_column\"><\/div><div class=\"clear\"><\/div>\n\t\t\t<\/div>\n\t\t\t<\/form><\/p>\n<h4 style=\"text-align: left;\"><span style=\"color: #800000;\">Para mas informaci\u00f3n:<\/span><\/h4>\n<h4 style=\"text-align: left;\"><span style=\"color: #800000;\"><strong>Javier Herrero Fernandez<\/strong><\/span><\/h4>\n<h4 style=\"text-align: left;\"><span style=\"color: #800000;\"><strong>Tel\u00e9fono : 606\/396\/554<\/strong><\/span><\/h4>\n","protected":false},"excerpt":{"rendered":"<p>Puede Contactar con nosotros a trav\u00e9s de este formulario, para cualquier duda, consulta, pregunta, etc. Para mas informaci\u00f3n: Javier Herrero Fernandez Tel\u00e9fono : 606\/396\/554<\/p>\n","protected":false},"author":1,"featured_media":0,"parent":0,"menu_order":0,"comment_status":"closed","ping_status":"closed","template":"","meta":{"footnotes":""},"class_list":["post-27","page","type-page","status-publish","hentry"],"_links":{"self":[{"href":"http:\/\/www.truckventur.com\/es\/wp-json\/wp\/v2\/pages\/27","targetHints":{"allow":["GET"]}}],"collection":[{"href":"http:\/\/www.truckventur.com\/es\/wp-json\/wp\/v2\/pages"}],"about":[{"href":"http:\/\/www.truckventur.com\/es\/wp-json\/wp\/v2\/types\/page"}],"author":[{"embeddable":true,"href":"http:\/\/www.truckventur.com\/es\/wp-json\/wp\/v2\/users\/1"}],"replies":[{"embeddable":true,"href":"http:\/\/www.truckventur.com\/es\/wp-json\/wp\/v2\/comments?post=27"}],"version-history":[{"count":0,"href":"http:\/\/www.truckventur.com\/es\/wp-json\/wp\/v2\/pages\/27\/revisions"}],"wp:attachment":[{"href":"http:\/\/www.truckventur.com\/es\/wp-json\/wp\/v2\/media?parent=27"}],"curies":[{"name":"wp","href":"https:\/\/api.w.org\/{rel}","templated":true}]}}